{"id":652,"date":"2017-01-31T17:10:14","date_gmt":"2017-01-31T16:10:14","guid":{"rendered":"https:\/\/stjoseph-lamadeleine-guerande.fr\/?page_id=652"},"modified":"2025-05-02T09:51:04","modified_gmt":"2025-05-02T08:51:04","slug":"restauration-scolaire-2","status":"publish","type":"page","link":"https:\/\/stjoseph-lamadeleine-guerande.fr\/?page_id=652","title":{"rendered":"RESTAURATION SCOLAIRE"},"content":{"rendered":"\t\t<div data-elementor-type=\"wp-page\" data-elementor-id=\"652\" class=\"elementor elementor-652\">\n\t\t\t\t\t\t<section class=\"elementor-section elementor-top-section elementor-element elementor-element-6e04dc95 elementor-section-boxed elementor-section-height-default elementor-section-height-default wpr-particle-no wpr-jarallax-no wpr-parallax-no wpr-sticky-section-no wpr-equal-height-no\" data-id=\"6e04dc95\" data-element_type=\"section\">\n\t\t\t\t\t\t<div class=\"elementor-container elementor-column-gap-default\">\n\t\t\t\t\t<div class=\"elementor-column elementor-col-100 elementor-top-column elementor-element elementor-element-8a4801d\" data-id=\"8a4801d\" data-element_type=\"column\">\n\t\t\t<div class=\"elementor-widget-wrap elementor-element-populated\">\n\t\t\t\t\t\t<div class=\"elementor-element elementor-element-1fd55069 elementor-widget elementor-widget-text-editor\" data-id=\"1fd55069\" data-element_type=\"widget\" data-widget_type=\"text-editor.default\">\n\t\t\t\t<div class=\"elementor-widget-container\">\n\t\t\t\t\t\t\t\t\t<h4><img decoding=\"async\" class=\"size-thumbnail wp-image-25416 aligncenter\" src=\"http:\/\/stjoseph-lamadeleine-guerande.fr\/wp-content\/uploads\/2023\/07\/dessin-cantine-150x150.jpg\" alt=\"\" width=\"150\" height=\"150\" \/><\/h4><h4 style=\"text-align: left;\"><span style=\"color: #3366ff;\">La restauration scolaire est municipale.\u00a0\u00a0\u00a0 <\/span><span style=\"color: #3366ff;\">Elle est g\u00e9r\u00e9e par le syndicat intercommunal de La Madeleine.<\/span><\/h4><h5 style=\"text-align: left;\">Pour les inscription \u00e0 la cantine, il faut contacter la maison de la famille \u00e0 Gu\u00e9rande.<\/h5><h5 style=\"text-align: left;\">Il n&rsquo;y a pas de tickets de cantine.<br \/>L&rsquo;inscription se fait sur le portail famille de la ville de Gu\u00e9rande. Lors de votre premi\u00e8re inscription vous devez remplir le dossier unique et vous inscrire sur portail famille ( lien ci-dessous) vous y trouverez toutes les informations.<\/h5><p><a href=\"https:\/\/www.ville-guerande.fr\/pratique-vos-demarches\/jeunesse-sport\/maison-de-la-famille\/restauration-scolaire\">Portail Familles &#8211; Restauration scolaire<\/a><br \/>Vous pouvez \u00e9galement les contacter: <br \/>Lieu : Maison de la Famille<br \/>22, faubourg Saint-Michel<br \/>44 350 Gu\u00e9rande<br \/>T\u00e9l : 02 40 15 10 50<br \/><a href=\"mailto:accueil.maisondelafamille@ville-guerande.fr\">accueil.maisondelafamille@ville-guerande.fr<\/a><\/p><p>Quelques documents pour la restauration scolaire:<br \/><a href=\"http:\/\/stjoseph-lamadeleine-guerande.fr\/wp-content\/uploads\/2025\/05\/Menus-mai-2025.pdf\">Menu du mois de mai<\/a><br \/><a href=\"http:\/\/stjoseph-lamadeleine-guerande.fr\/wp-content\/uploads\/2023\/07\/2022_03_02_REGLEMENT_PAUSE_MERIDIENNE_RESTAURANT_SCOLAIRE.pdf\">R\u00e8glement restaurant scolaire<\/a><br \/><a href=\"http:\/\/stjoseph-lamadeleine-guerande.fr\/wp-content\/uploads\/2023\/07\/Tarifs_municipaux_MDLF_2023.pdf\">Tarifs restaurant scolaire<\/a><br \/><a href=\"http:\/\/stjoseph-lamadeleine-guerande.fr\/wp-content\/uploads\/2023\/07\/Dossier_unique_d_inscription_3.pdf\">Dossier unique d&rsquo;inscription<\/a><\/p>\t\t\t\t\t\t\t\t<\/div>\n\t\t\t\t<\/div>\n\t\t\t\t\t<\/div>\n\t\t<\/div>\n\t\t\t\t\t<\/div>\n\t\t<\/section>\n\t\t\t\t<\/div>\n\t\t","protected":false},"excerpt":{"rendered":"<p>La restauration scolaire est municipale.\u00a0\u00a0\u00a0 Elle est g\u00e9r\u00e9e par le syndicat intercommunal de La Madeleine. Pour les inscription \u00e0 la cantine, il faut contacter la maison de la famille \u00e0 Gu\u00e9rande. Il n&rsquo;y a pas de tickets de cantine.L&rsquo;inscription se fait sur le portail famille de la ville de Gu\u00e9rande. Lors de votre premi\u00e8re inscription vous devez remplir le dossier unique et vous inscrire sur portail famille ( lien ci-dessous) vous y trouverez toutes les informations. Portail Familles &#8211; Restauration scolaireVous pouvez \u00e9galement les contacter: Lieu : Maison de la Famille22, faubourg Saint-Michel44 350 Gu\u00e9randeT\u00e9l : 02 40 15 10 50accueil.maisondelafamille@ville-guerande.fr Quelques documents pour la restauration scolaire:Menu du mois de maiR\u00e8glement restaurant scolaireTarifs restaurant scolaireDossier unique d&rsquo;inscription<\/p>\n","protected":false},"author":10,"featured_media":0,"parent":0,"menu_order":0,"comment_status":"closed","ping_status":"open","template":"","meta":{"ngg_post_thumbnail":0,"footnotes":""},"_links":{"self":[{"href":"https:\/\/stjoseph-lamadeleine-guerande.fr\/index.php?rest_route=\/wp\/v2\/pages\/652"}],"collection":[{"href":"https:\/\/stjoseph-lamadeleine-guerande.fr\/index.php?rest_route=\/wp\/v2\/pages"}],"about":[{"href":"https:\/\/stjoseph-lamadeleine-guerande.fr\/index.php?rest_route=\/wp\/v2\/types\/page"}],"author":[{"embeddable":true,"href":"https:\/\/stjoseph-lamadeleine-guerande.fr\/index.php?rest_route=\/wp\/v2\/users\/10"}],"replies":[{"embeddable":true,"href":"https:\/\/stjoseph-lamadeleine-guerande.fr\/index.php?rest_route=%2Fwp%2Fv2%2Fcomments&post=652"}],"version-history":[{"count":49,"href":"https:\/\/stjoseph-lamadeleine-guerande.fr\/index.php?rest_route=\/wp\/v2\/pages\/652\/revisions"}],"predecessor-version":[{"id":31012,"href":"https:\/\/stjoseph-lamadeleine-guerande.fr\/index.php?rest_route=\/wp\/v2\/pages\/652\/revisions\/31012"}],"wp:attachment":[{"href":"https:\/\/stjoseph-lamadeleine-guerande.fr\/index.php?rest_route=%2Fwp%2Fv2%2Fmedia&parent=652"}],"curies":[{"name":"wp","href":"https:\/\/api.w.org\/{rel}","templated":true}]}}