{"id":585,"date":"2016-09-04T17:12:31","date_gmt":"2016-09-04T16:12:31","guid":{"rendered":"https:\/\/stjoseph-lamadeleine-guerande.fr\/?page_id=585"},"modified":"2025-08-05T06:37:01","modified_gmt":"2025-08-05T05:37:01","slug":"equipe-pedagogique","status":"publish","type":"page","link":"https:\/\/stjoseph-lamadeleine-guerande.fr\/?page_id=585","title":{"rendered":"Equipe p\u00e9dagogique"},"content":{"rendered":"<div>\n<h3 align=\"center\"><img fetchpriority=\"high\" decoding=\"async\" class=\"alignnone size-full wp-image-29622\" src=\"http:\/\/stjoseph-lamadeleine-guerande.fr\/wp-content\/uploads\/2024\/11\/equipe-enseigante.jpg\" alt=\"\" width=\"786\" height=\"299\" srcset=\"https:\/\/stjoseph-lamadeleine-guerande.fr\/wp-content\/uploads\/2024\/11\/equipe-enseigante.jpg 786w, https:\/\/stjoseph-lamadeleine-guerande.fr\/wp-content\/uploads\/2024\/11\/equipe-enseigante-300x114.jpg 300w, https:\/\/stjoseph-lamadeleine-guerande.fr\/wp-content\/uploads\/2024\/11\/equipe-enseigante-768x292.jpg 768w\" sizes=\"(max-width: 786px) 100vw, 786px\" \/><\/h3>\n<h3 align=\"center\"><span style=\"color: #000000;\"><b>Organisation P\u00e9dagogique&nbsp;<\/b><\/span><\/h3>\n<p>&nbsp;<\/p>\n<p><strong>Equipe enseignante&nbsp;:<\/strong><\/p>\n<ul>\n<li>TPS\/PS: Val\u00e9rie MESNIL<\/li>\n<li>MS: H\u00e9l\u00e8ne HUGUET<\/li>\n<li>GS: Aur\u00e9lie PINSON&nbsp; et Amandine LENGRAND<\/li>\n<li>CP\/CE1: Flore VINCE<\/li>\n<li>CE1\/CE2:&nbsp; Maud LESCAUDRON<\/li>\n<li>CE2\/CM1 : La\u00ebtitia PLAUD<\/li>\n<li>CM1\/CM2 : Flore JAMIN&nbsp; et Catherine BALLESTER<\/li>\n<li>Enseignement sp\u00e9cialis\u00e9 sur le poste RA:&nbsp; Sandrine DERIANO<br \/>\nCe poste a pour but de r\u00e9duire l\u2019\u00e9chec scolaire gr\u00e2ce \u00e0 des actions de&nbsp; pr\u00e9vention et de rem\u00e9diation, et d\u2019accompagner les \u00e9l\u00e8ves en situation de handicap dans leur scolarit\u00e9. L\u2019\u00e9cole se doit \u00eatre accessible pour tous.<br \/>\n<a href=\"http:\/\/stjoseph-lamadeleine-guerande.fr\/wp-content\/uploads\/2024\/02\/PROJET-DU-RA.pdf\">Le poste RA dans l&rsquo;\u00e9cole<\/a><\/li>\n<\/ul>\n<p>Chef d&rsquo;\u00e9tablissement: Flore JAMIN<\/p>\n<p>Anglais : Lisa HELLEGOUARCH<br \/>\nASEM : Estelle ROBERTEAU,&nbsp; Vanessa BRAIRE et Margot DILHAN<br \/>\nService civique pour le sport et la sant\u00e9:&nbsp; Lucie ROUXEL<br \/>\nAESH: Sylvie&nbsp; LIEGE<\/p>\n<h5 align=\"center\">&nbsp;<\/h5>\n<\/div>\n<p><b>&nbsp;<\/b><\/p>\n<p align=\"center\"><b>&nbsp;&nbsp;&nbsp;&nbsp;&nbsp;&nbsp;&nbsp;&nbsp;&nbsp;&nbsp; <\/b><\/p>\n<p align=\"center\"><b>&nbsp;&nbsp;&nbsp;&nbsp;&nbsp;&nbsp;&nbsp;&nbsp; <\/b><\/p>\n","protected":false},"excerpt":{"rendered":"<p>Organisation P\u00e9dagogique&nbsp; &nbsp; Equipe enseignante&nbsp;: TPS\/PS: Val\u00e9rie MESNIL MS: H\u00e9l\u00e8ne HUGUET GS: Aur\u00e9lie PINSON&nbsp; et Amandine LENGRAND CP\/CE1: Flore VINCE CE1\/CE2:&nbsp; Maud LESCAUDRON CE2\/CM1 : La\u00ebtitia PLAUD CM1\/CM2 : Flore JAMIN&nbsp; et Catherine BALLESTER Enseignement sp\u00e9cialis\u00e9 sur le poste RA:&nbsp; Sandrine DERIANO Ce poste a pour but de r\u00e9duire l\u2019\u00e9chec scolaire gr\u00e2ce \u00e0 des actions de&nbsp; pr\u00e9vention et de rem\u00e9diation, et d\u2019accompagner les \u00e9l\u00e8ves en situation de handicap dans leur scolarit\u00e9. L\u2019\u00e9cole se doit \u00eatre accessible pour tous. Le poste RA dans l&rsquo;\u00e9cole Chef d&rsquo;\u00e9tablissement: Flore JAMIN Anglais : Lisa HELLEGOUARCH ASEM : Estelle ROBERTEAU,&nbsp; Vanessa BRAIRE et Margot DILHAN Service civique pour le sport et la sant\u00e9:&nbsp; Lucie ROUXEL AESH: Sylvie&nbsp; LIEGE &nbsp; &nbsp; &nbsp;&nbsp;&nbsp;&nbsp;&nbsp;&nbsp;&nbsp;&nbsp;&nbsp;&nbsp; &nbsp;&nbsp;&nbsp;&nbsp;&nbsp;&nbsp;&nbsp;&nbsp;<\/p>\n","protected":false},"author":10,"featured_media":0,"parent":0,"menu_order":0,"comment_status":"closed","ping_status":"closed","template":"","meta":{"ngg_post_thumbnail":0,"footnotes":""},"_links":{"self":[{"href":"https:\/\/stjoseph-lamadeleine-guerande.fr\/index.php?rest_route=\/wp\/v2\/pages\/585"}],"collection":[{"href":"https:\/\/stjoseph-lamadeleine-guerande.fr\/index.php?rest_route=\/wp\/v2\/pages"}],"about":[{"href":"https:\/\/stjoseph-lamadeleine-guerande.fr\/index.php?rest_route=\/wp\/v2\/types\/page"}],"author":[{"embeddable":true,"href":"https:\/\/stjoseph-lamadeleine-guerande.fr\/index.php?rest_route=\/wp\/v2\/users\/10"}],"replies":[{"embeddable":true,"href":"https:\/\/stjoseph-lamadeleine-guerande.fr\/index.php?rest_route=%2Fwp%2Fv2%2Fcomments&post=585"}],"version-history":[{"count":11,"href":"https:\/\/stjoseph-lamadeleine-guerande.fr\/index.php?rest_route=\/wp\/v2\/pages\/585\/revisions"}],"predecessor-version":[{"id":31660,"href":"https:\/\/stjoseph-lamadeleine-guerande.fr\/index.php?rest_route=\/wp\/v2\/pages\/585\/revisions\/31660"}],"wp:attachment":[{"href":"https:\/\/stjoseph-lamadeleine-guerande.fr\/index.php?rest_route=%2Fwp%2Fv2%2Fmedia&parent=585"}],"curies":[{"name":"wp","href":"https:\/\/api.w.org\/{rel}","templated":true}]}}