{"id":317,"date":"2014-02-26T09:52:13","date_gmt":"2014-02-26T08:52:13","guid":{"rendered":"https:\/\/stjoseph-lamadeleine-guerande.fr\/?page_id=317"},"modified":"2014-03-04T18:36:31","modified_gmt":"2014-03-04T17:36:31","slug":"ou-sommes-nous","status":"publish","type":"page","link":"https:\/\/stjoseph-lamadeleine-guerande.fr\/?page_id=317","title":{"rendered":"O\u00f9 sommes-nous ?"},"content":{"rendered":"<h4><span style=\"color: #000000;\"><strong>Vous trouverez l&rsquo;\u00e9cole Saint-Joseph dans le village de la madeleine qui se situe sur la D774, entre Gu\u00e9rande et Saint-Lyphard.<\/strong><\/span><\/h4>\n\n\t\t<style type=\"text\/css\">\n\t\t\t#gallery-1 {\n\t\t\t\tmargin: auto;\n\t\t\t}\n\t\t\t#gallery-1 .gallery-item {\n\t\t\t\tfloat: left;\n\t\t\t\tmargin-top: 10px;\n\t\t\t\ttext-align: center;\n\t\t\t\twidth: 33%;\n\t\t\t}\n\t\t\t#gallery-1 img {\n\t\t\t\tborder: 2px solid #cfcfcf;\n\t\t\t}\n\t\t\t#gallery-1 .gallery-caption {\n\t\t\t\tmargin-left: 0;\n\t\t\t}\n\t\t\t\/* see gallery_shortcode() in wp-includes\/media.php *\/\n\t\t<\/style>\n\t\t<div id='gallery-1' class='gallery galleryid-317 gallery-columns-3 gallery-size-thumbnail'><dl class='gallery-item'>\n\t\t\t<dt class='gallery-icon landscape'>\n\t\t\t\t<a href='https:\/\/stjoseph-lamadeleine-guerande.fr\/?attachment_id=368'><img decoding=\"async\" width=\"150\" height=\"150\" src=\"https:\/\/stjoseph-lamadeleine-guerande.fr\/wp-content\/uploads\/2014\/01\/CARTE-2-150x150.jpg\" class=\"attachment-thumbnail size-thumbnail\" alt=\"\" \/><\/a>\n\t\t\t<\/dt><\/dl>\n\t\t\t<br style='clear: both' \/>\n\t\t<\/div>\n\n<h5 style=\"text-align: center; padding-left: 30px;\"><span style=\"color: #3366ff;\"><a href=\"https:\/\/stjoseph-lamadeleine-guerande.fr\/wp-content\/uploads\/2014\/03\/enfants-qui-parlent-_-600dpi1.jpg\"><img fetchpriority=\"high\" decoding=\"async\" class=\"size-medium wp-image-461 alignleft\" alt=\"enfants qui parlent _ 600dpi\" src=\"https:\/\/stjoseph-lamadeleine-guerande.fr\/wp-content\/uploads\/2014\/03\/enfants-qui-parlent-_-600dpi1-300x280.jpg\" width=\"323\" height=\"301\" \/><\/a><\/span><span style=\"color: #3366ff;\"><br \/>\n<\/span><\/h5>\n<p>&nbsp;<\/p>\n<p><a href=\"https:\/\/stjoseph-lamadeleine-guerande.fr\/wp-content\/uploads\/2014\/02\/PLAN-TRAVAILLE-LA-MADELEINE.jpg\"><img decoding=\"async\" class=\"size-medium wp-image-394 alignright\" alt=\"Acc\u00e8s \u00e0 l'\u00e9cole\" src=\"https:\/\/stjoseph-lamadeleine-guerande.fr\/wp-content\/uploads\/2014\/02\/PLAN-TRAVAILLE-LA-MADELEINE-300x292.jpg\" width=\"361\" height=\"351\" \/><\/a><\/p>\n<p>&nbsp;<\/p>\n","protected":false},"excerpt":{"rendered":"<p>Vous trouverez l&rsquo;\u00e9cole Saint-Joseph dans le village de la madeleine qui se situe sur la D774, entre Gu\u00e9rande et Saint-Lyphard. &nbsp; &nbsp;<\/p>\n","protected":false},"author":10,"featured_media":0,"parent":0,"menu_order":0,"comment_status":"closed","ping_status":"open","template":"","meta":{"ngg_post_thumbnail":0,"footnotes":""},"_links":{"self":[{"href":"https:\/\/stjoseph-lamadeleine-guerande.fr\/index.php?rest_route=\/wp\/v2\/pages\/317"}],"collection":[{"href":"https:\/\/stjoseph-lamadeleine-guerande.fr\/index.php?rest_route=\/wp\/v2\/pages"}],"about":[{"href":"https:\/\/stjoseph-lamadeleine-guerande.fr\/index.php?rest_route=\/wp\/v2\/types\/page"}],"author":[{"embeddable":true,"href":"https:\/\/stjoseph-lamadeleine-guerande.fr\/index.php?rest_route=\/wp\/v2\/users\/10"}],"replies":[{"embeddable":true,"href":"https:\/\/stjoseph-lamadeleine-guerande.fr\/index.php?rest_route=%2Fwp%2Fv2%2Fcomments&post=317"}],"version-history":[{"count":0,"href":"https:\/\/stjoseph-lamadeleine-guerande.fr\/index.php?rest_route=\/wp\/v2\/pages\/317\/revisions"}],"wp:attachment":[{"href":"https:\/\/stjoseph-lamadeleine-guerande.fr\/index.php?rest_route=%2Fwp%2Fv2%2Fmedia&parent=317"}],"curies":[{"name":"wp","href":"https:\/\/api.w.org\/{rel}","templated":true}]}}