{"id":296,"date":"2014-02-26T09:35:43","date_gmt":"2014-02-26T08:35:43","guid":{"rendered":"https:\/\/stjoseph-lamadeleine-guerande.fr\/?page_id=296"},"modified":"2026-01-19T09:36:57","modified_gmt":"2026-01-19T08:36:57","slug":"inscriptions","status":"publish","type":"page","link":"https:\/\/stjoseph-lamadeleine-guerande.fr\/?page_id=296","title":{"rendered":"Inscriptions"},"content":{"rendered":"\t\t<div data-elementor-type=\"wp-page\" data-elementor-id=\"296\" class=\"elementor elementor-296\">\n\t\t\t\t\t\t<section class=\"elementor-section elementor-top-section elementor-element elementor-element-75b2b339 elementor-section-boxed elementor-section-height-default elementor-section-height-default wpr-particle-no wpr-jarallax-no wpr-parallax-no wpr-sticky-section-no wpr-equal-height-no\" data-id=\"75b2b339\" data-element_type=\"section\">\n\t\t\t\t\t\t<div class=\"elementor-container elementor-column-gap-default\">\n\t\t\t\t\t<div class=\"elementor-column elementor-col-100 elementor-top-column elementor-element elementor-element-3ed2898b\" data-id=\"3ed2898b\" data-element_type=\"column\">\n\t\t\t<div class=\"elementor-widget-wrap elementor-element-populated\">\n\t\t\t\t\t\t<div class=\"elementor-element elementor-element-60d882ac elementor-widget elementor-widget-text-editor\" data-id=\"60d882ac\" data-element_type=\"widget\" data-widget_type=\"text-editor.default\">\n\t\t\t\t<div class=\"elementor-widget-container\">\n\t\t\t\t\t\t\t\t\t<h3 style=\"text-align: center;\">INSCRIPTIONS<\/h3><p><img fetchpriority=\"high\" decoding=\"async\" class=\"alignnone size-medium wp-image-31656\" src=\"http:\/\/stjoseph-lamadeleine-guerande.fr\/wp-content\/uploads\/2025\/08\/inscription-300x193.jpg\" alt=\"\" width=\"300\" height=\"193\" srcset=\"https:\/\/stjoseph-lamadeleine-guerande.fr\/wp-content\/uploads\/2025\/08\/inscription-300x193.jpg 300w, https:\/\/stjoseph-lamadeleine-guerande.fr\/wp-content\/uploads\/2025\/08\/inscription-768x494.jpg 768w, https:\/\/stjoseph-lamadeleine-guerande.fr\/wp-content\/uploads\/2025\/08\/inscription.jpg 1024w\" sizes=\"(max-width: 300px) 100vw, 300px\" \/><\/p><p>Il est possible d&rsquo;inscrire vos enfants \u00e0 tout moment de l&rsquo;ann\u00e9e dans les diff\u00e9rents niveaux selon les places disponibles.<\/p><p>Les inscriptions pour la rentr\u00e9e de septembre 2026\u00a0 en PS pour les enfants n\u00e9s en 2023 sont ouvertes.<\/p><p><img decoding=\"async\" class=\"alignnone size-medium wp-image-32332\" src=\"http:\/\/stjoseph-lamadeleine-guerande.fr\/wp-content\/uploads\/2026\/01\/affiche-pour-blog-212x300.jpg\" alt=\"\" width=\"212\" height=\"300\" \/>Les portes-ouvertes se d\u00e9rouleront le samedi 7\u00a0 f\u00e9vrier de 10h \u00e0 12h.<\/p><p>Les parents qui souhaitent inscrire leur enfant\u00a0 peuvent prendre contact avec le chef d&rsquo;\u00e9tablissement Flore Jamin.<br \/>Par t\u00e9l\u00e9phone ou par mail<br \/>06\/07\/72\/40\/63<br \/>contact@ecole-stjoseph.fr<\/p><h5 style=\"text-align: center;\">Un rendez vous vous sera propos\u00e9 pour pr\u00e9sentation de l&rsquo;\u00e9cole et de ses projets.<\/h5>\t\t\t\t\t\t\t\t<\/div>\n\t\t\t\t<\/div>\n\t\t\t\t\t<\/div>\n\t\t<\/div>\n\t\t\t\t\t<\/div>\n\t\t<\/section>\n\t\t\t\t<\/div>\n\t\t","protected":false},"excerpt":{"rendered":"<p>INSCRIPTIONS Il est possible d&rsquo;inscrire vos enfants \u00e0 tout moment de l&rsquo;ann\u00e9e dans les diff\u00e9rents niveaux selon les places disponibles. Les inscriptions pour la rentr\u00e9e de septembre 2026\u00a0 en PS pour les enfants n\u00e9s en 2023 sont ouvertes. Les portes-ouvertes se d\u00e9rouleront le samedi 7\u00a0 f\u00e9vrier de 10h \u00e0 12h. Les parents qui souhaitent inscrire leur enfant\u00a0 peuvent prendre contact avec le chef d&rsquo;\u00e9tablissement Flore Jamin.Par t\u00e9l\u00e9phone ou par mail06\/07\/72\/40\/63contact@ecole-stjoseph.fr Un rendez vous vous sera propos\u00e9 pour pr\u00e9sentation de l&rsquo;\u00e9cole et de ses projets.<\/p>\n","protected":false},"author":10,"featured_media":0,"parent":0,"menu_order":0,"comment_status":"closed","ping_status":"closed","template":"","meta":{"ngg_post_thumbnail":0,"footnotes":""},"_links":{"self":[{"href":"https:\/\/stjoseph-lamadeleine-guerande.fr\/index.php?rest_route=\/wp\/v2\/pages\/296"}],"collection":[{"href":"https:\/\/stjoseph-lamadeleine-guerande.fr\/index.php?rest_route=\/wp\/v2\/pages"}],"about":[{"href":"https:\/\/stjoseph-lamadeleine-guerande.fr\/index.php?rest_route=\/wp\/v2\/types\/page"}],"author":[{"embeddable":true,"href":"https:\/\/stjoseph-lamadeleine-guerande.fr\/index.php?rest_route=\/wp\/v2\/users\/10"}],"replies":[{"embeddable":true,"href":"https:\/\/stjoseph-lamadeleine-guerande.fr\/index.php?rest_route=%2Fwp%2Fv2%2Fcomments&post=296"}],"version-history":[{"count":15,"href":"https:\/\/stjoseph-lamadeleine-guerande.fr\/index.php?rest_route=\/wp\/v2\/pages\/296\/revisions"}],"predecessor-version":[{"id":32339,"href":"https:\/\/stjoseph-lamadeleine-guerande.fr\/index.php?rest_route=\/wp\/v2\/pages\/296\/revisions\/32339"}],"wp:attachment":[{"href":"https:\/\/stjoseph-lamadeleine-guerande.fr\/index.php?rest_route=%2Fwp%2Fv2%2Fmedia&parent=296"}],"curies":[{"name":"wp","href":"https:\/\/api.w.org\/{rel}","templated":true}]}}