{"id":1930,"date":"2014-07-03T12:03:05","date_gmt":"2014-07-03T11:03:05","guid":{"rendered":"https:\/\/stjoseph-lamadeleine-guerande.fr\/?page_id=1930"},"modified":"2026-03-30T11:20:45","modified_gmt":"2026-03-30T10:20:45","slug":"la-rentree-2014","status":"publish","type":"page","link":"https:\/\/stjoseph-lamadeleine-guerande.fr\/?page_id=1930","title":{"rendered":"Documents Utiles"},"content":{"rendered":"\t\t<div data-elementor-type=\"wp-page\" data-elementor-id=\"1930\" class=\"elementor elementor-1930\">\n\t\t\t\t\t\t<section class=\"elementor-section elementor-top-section elementor-element elementor-element-517c861c elementor-section-boxed elementor-section-height-default elementor-section-height-default wpr-particle-no wpr-jarallax-no wpr-parallax-no wpr-sticky-section-no wpr-equal-height-no\" data-id=\"517c861c\" data-element_type=\"section\">\n\t\t\t\t\t\t<div class=\"elementor-container elementor-column-gap-default\">\n\t\t\t\t\t<div class=\"elementor-column elementor-col-100 elementor-top-column elementor-element elementor-element-1c980eab\" data-id=\"1c980eab\" data-element_type=\"column\">\n\t\t\t<div class=\"elementor-widget-wrap elementor-element-populated\">\n\t\t\t\t\t\t<div class=\"elementor-element elementor-element-c9158b6 elementor-widget elementor-widget-text-editor\" data-id=\"c9158b6\" data-element_type=\"widget\" data-widget_type=\"text-editor.default\">\n\t\t\t\t<div class=\"elementor-widget-container\">\n\t\t\t\t\t\t\t\t\t<h4><img fetchpriority=\"high\" decoding=\"async\" class=\"alignnone size-full wp-image-31715\" src=\"http:\/\/stjoseph-lamadeleine-guerande.fr\/wp-content\/uploads\/2025\/09\/automne.jpg\" alt=\"\" width=\"225\" height=\"225\" srcset=\"https:\/\/stjoseph-lamadeleine-guerande.fr\/wp-content\/uploads\/2025\/09\/automne.jpg 225w, https:\/\/stjoseph-lamadeleine-guerande.fr\/wp-content\/uploads\/2025\/09\/automne-150x150.jpg 150w\" sizes=\"(max-width: 225px) 100vw, 225px\" \/><\/h4><h4><strong><u>Documents de rentr\u00e9e<br \/><\/u><\/strong><\/h4><p>Voici les\u00a0 documents pour la rentr\u00e9e de septembre 2025.\u00a0\u00a0<br \/><a href=\"http:\/\/stjoseph-lamadeleine-guerande.fr\/wp-content\/uploads\/2025\/08\/circulaire-de-rentree-2025.pdf\">Circulaire de rentr\u00e9e 2025<\/a><\/p><p><a href=\"https:\/\/forms.office.com\/Pages\/ResponsePage.aspx?id=Y3X-xS4ZgEqNSDqOyeQlMNTFVnFFFVBGk9ilWogLsk5UOEZKNUhXVkJQMTZRTDFWOTNQTzdVVkRCNS4u\">Fiche de renseignements 2025-2026<\/a><br \/><a href=\"http:\/\/stjoseph-lamadeleine-guerande.fr\/wp-content\/uploads\/2025\/06\/COUPON-REPONSE-OGEC-2025-2026.pdf\">Coupon r\u00e9ponse OGEC<\/a><br \/><a href=\"http:\/\/stjoseph-lamadeleine-guerande.fr\/wp-content\/uploads\/2023\/06\/MandatSEPA.pdf\">mandat SEPA<\/a><br \/><a href=\"http:\/\/stjoseph-lamadeleine-guerande.fr\/wp-content\/uploads\/2025\/06\/REGLEMENT-FINANCIER-OGEC-2025-2026.pdf\">R\u00e8glement financier OGEC<\/a><br \/><a href=\"http:\/\/stjoseph-lamadeleine-guerande.fr\/wp-content\/uploads\/2025\/07\/Courrier-cotisation-APEL.pdf\">Courrier APEL<\/a><br \/><a href=\"http:\/\/stjoseph-lamadeleine-guerande.fr\/wp-content\/uploads\/2025\/07\/Bulletin-adhesion-APEL-2025-2026.pdf\">Bulletin adh\u00e9sion APEL<\/a><\/p><p><a href=\"https:\/\/forms.office.com\/Pages\/ResponsePage.aspx?id=Y3X-xS4ZgEqNSDqOyeQlMNTFVnFFFVBGk9ilWogLsk5UNDM0TEY1TEZGWUpaTVRaSkhPNUZSUVVEUC4u\">Inscription matin\u00e9es travaux<\/a><\/p><p><a href=\"http:\/\/stjoseph-lamadeleine-guerande.fr\/wp-content\/uploads\/2025\/06\/Mutuelle-St-Christophe-Informations-familles.pdf\">Mutuelle St Christophe<\/a><\/p><p><a href=\"http:\/\/stjoseph-lamadeleine-guerande.fr\/wp-content\/uploads\/2025\/06\/organisation-pedagogique-2025-2026.pdf\">Organisation p\u00e9dagogique 2025-2026<\/a><br \/><a href=\"http:\/\/stjoseph-lamadeleine-guerande.fr\/wp-content\/uploads\/2026\/03\/reglement-de-lecole-2025-2026.pdf\">Calendrier des vacances scolaires 2025-2026<br \/><br \/><\/a><a href=\"http:\/\/stjoseph-lamadeleine-guerande.fr\/wp-content\/uploads\/2026\/03\/reglement-de-lecole-2025-2026.pdf\">r\u00e8glement int\u00e9rieur de l&rsquo;\u00e9cole<\/a><\/p><p><strong>Quelques autres documents :<\/strong><\/p><p><strong>Les listes de classes\u00a0 2025-2026<\/strong><\/p><p><a href=\"http:\/\/stjoseph-lamadeleine-guerande.fr\/wp-content\/uploads\/2025\/06\/Liste-de-classe-PS-2025-2026.pdf\">Liste de classe PS<\/a><br \/><a href=\"http:\/\/stjoseph-lamadeleine-guerande.fr\/wp-content\/uploads\/2025\/06\/Liste-de-classe-MS-2025-2026.pdf\">Liste de classe MS<\/a><br \/><a href=\"http:\/\/stjoseph-lamadeleine-guerande.fr\/wp-content\/uploads\/2025\/06\/Liste-de-classe-GS-2025-2026.pdf\">Liste de classe GS<br \/><\/a><a href=\"http:\/\/stjoseph-lamadeleine-guerande.fr\/wp-content\/uploads\/2025\/07\/Liste-de-classe-CP-CE1-2025-2026.pdf\">Liste de classe CP CE1<\/a><br \/><a href=\"http:\/\/stjoseph-lamadeleine-guerande.fr\/wp-content\/uploads\/2025\/06\/Liste-de-classe-CE1-CE2-2025-2026.pdf\">Liste de classe CE1 CE2<\/a><br \/><a href=\"http:\/\/stjoseph-lamadeleine-guerande.fr\/wp-content\/uploads\/2025\/06\/Liste-de-classe-CE2-CM1-2025-2026.pdf\">Liste de classe CE2 CM1<\/a><br \/><a href=\"http:\/\/stjoseph-lamadeleine-guerande.fr\/wp-content\/uploads\/2025\/07\/Liste-de-classe-CM1-CM2-2025-2026.pdf\">Liste de classe CM1 CM2<\/a><\/p><p><strong>Les listes de fournitures pour la rentr\u00e9e de septembre 2025<\/strong><\/p><p><a href=\"http:\/\/stjoseph-lamadeleine-guerande.fr\/wp-content\/uploads\/2025\/07\/Liste-des-fournitures-PS-2025-2026.pdf\">Fourniture PS<\/a><br \/><a href=\"http:\/\/stjoseph-lamadeleine-guerande.fr\/wp-content\/uploads\/2025\/07\/Liste-de-fournitures-pour-les-MS-1.pdf\">Fournitures MS<\/a><br \/><a href=\"http:\/\/stjoseph-lamadeleine-guerande.fr\/wp-content\/uploads\/2025\/07\/Fourniture-GS.pdf\">Fournitures GS<\/a><br \/><a href=\"http:\/\/stjoseph-lamadeleine-guerande.fr\/wp-content\/uploads\/2025\/07\/Liste-fournitures-CP.pdf\">Fournitures CP<\/a><br \/><a href=\"http:\/\/stjoseph-lamadeleine-guerande.fr\/wp-content\/uploads\/2025\/06\/Liste-fournitures-CE1-de-Flora-1.pdf\">Fournitures Ce1 Flora<\/a><br \/><a href=\"http:\/\/stjoseph-lamadeleine-guerande.fr\/wp-content\/uploads\/2025\/06\/fournitures-rentree-CE1-CE2-Maud-1.pdf\">Fournitures Ce1 Ce2 Maud<\/a><br \/><a href=\"http:\/\/stjoseph-lamadeleine-guerande.fr\/wp-content\/uploads\/2025\/06\/Liste-de-fournitures-CE2-CM1-Laetitia.pdf\">Fournitures ce2 cm1<\/a><br \/><a href=\"http:\/\/stjoseph-lamadeleine-guerande.fr\/wp-content\/uploads\/2025\/06\/Liste-de-fournitures-pour-les-cm1-CM2.pdf\">Fournitures cm1 cm2<\/a><\/p><p><strong>Matin\u00e9es travaux, bient\u00f4t les dates pour l&rsquo;ann\u00e9e prochaine.<\/strong><\/p><p><strong>PAI<\/strong><\/p><p>Fournir la trousse d&rsquo;urgence avec la copie de l&rsquo;ordonnance de moins de 3 mois \u00e0 la rentr\u00e9e et compl\u00e9ter avec votre m\u00e9decin le document unique<br \/><a href=\"http:\/\/stjoseph-lamadeleine-guerande.fr\/wp-content\/uploads\/2025\/06\/2022_01_12_PAI_UNIQUE.pdf\">PAI document \u00e0 compl\u00e9ter<\/a><br \/><a href=\"http:\/\/stjoseph-lamadeleine-guerande.fr\/wp-content\/uploads\/2025\/09\/PAI-PAGE-5-44-fiche_urgence_01-Asthme-1.pdf\">PAI asthme<\/a><\/p><p><strong>Communication avec les familles<\/strong><\/p><p>Il n\u2019y a pas de cahier de liaison papier.<br \/>Nous utilisons le logiciel <strong>Educartable.<\/strong> Un courrier explicatif vous sera renvoy\u00e9 \u00e0 la rentr\u00e9e.<br \/>En cas de probl\u00e8mes ou questions, l\u2019\u00e9quipe reste \u00e0 votre \u00e9coute.<\/p><p><strong>Sortie de l&rsquo;\u00e9cole<\/strong><br \/>A partir du CE1, les enfants peuvent \u00eatre autoris\u00e9s \u00e0 sortir seul pour rejoindre leur parents \u00e0 l&rsquo;ext\u00e9rieur de l&rsquo;\u00e9cole.\u00a0 Cela permet de diminuer le nombre de personnes pr\u00e9sentes au portail.\u00a0 Le port du gilet jaune est obligatoire.<br \/>Si vous le souhaitez, pensez \u00e0\u00a0 cocher \u00ab\u00a0autoris\u00e9 \u00e0 sortir seul\u00a0\u00bb dans la fiche de renseignements. Si cela se fait en cours d&rsquo;ann\u00e9e, il faudra pr\u00e9venir son enseignante via Educartable<\/p><p><span style=\"text-decoration: underline;\">\u00a0Bel \u00e9t\u00e9 \u00e0 tous et rendez-vous \u00e0 la rentr\u00e9e<\/span><\/p><h5>\u00a0<\/h5><h5><span style=\"color: #008000;\">\u00a0<\/span><\/h5><h5>\u00a0<\/h5><h5>\u00a0<\/h5><h5><span style=\"color: #008000;\">\u00a0<\/span><\/h5><h5>\u00a0<\/h5><h5>\u00a0<\/h5><h5>\u00a0<\/h5><h5>\u00a0<\/h5><h5>\u00a0<\/h5><h3>\u00a0<\/h3>\t\t\t\t\t\t\t\t<\/div>\n\t\t\t\t<\/div>\n\t\t\t\t\t<\/div>\n\t\t<\/div>\n\t\t\t\t\t<\/div>\n\t\t<\/section>\n\t\t\t\t<section class=\"elementor-section elementor-top-section elementor-element elementor-element-377301c elementor-section-boxed elementor-section-height-default elementor-section-height-default wpr-particle-no wpr-jarallax-no wpr-parallax-no wpr-sticky-section-no wpr-equal-height-no\" data-id=\"377301c\" data-element_type=\"section\">\n\t\t\t\t\t\t<div class=\"elementor-container elementor-column-gap-default\">\n\t\t\t\t\t<div class=\"elementor-column elementor-col-100 elementor-top-column elementor-element elementor-element-1acd4cf\" data-id=\"1acd4cf\" data-element_type=\"column\">\n\t\t\t<div class=\"elementor-widget-wrap elementor-element-populated\">\n\t\t\t\t\t\t<section class=\"elementor-section elementor-inner-section elementor-element elementor-element-63b12a6 elementor-section-boxed elementor-section-height-default elementor-section-height-default wpr-particle-no wpr-jarallax-no wpr-parallax-no wpr-sticky-section-no wpr-equal-height-no\" data-id=\"63b12a6\" data-element_type=\"section\">\n\t\t\t\t\t\t<div class=\"elementor-container elementor-column-gap-default\">\n\t\t\t\t\t<div class=\"elementor-column elementor-col-50 elementor-inner-column elementor-element elementor-element-a5a22f9\" data-id=\"a5a22f9\" data-element_type=\"column\">\n\t\t\t<div class=\"elementor-widget-wrap\">\n\t\t\t\t\t\t\t<\/div>\n\t\t<\/div>\n\t\t\t\t<div class=\"elementor-column elementor-col-50 elementor-inner-column elementor-element elementor-element-d986b0c\" data-id=\"d986b0c\" data-element_type=\"column\">\n\t\t\t<div class=\"elementor-widget-wrap\">\n\t\t\t\t\t\t\t<\/div>\n\t\t<\/div>\n\t\t\t\t\t<\/div>\n\t\t<\/section>\n\t\t\t\t\t<\/div>\n\t\t<\/div>\n\t\t\t\t\t<\/div>\n\t\t<\/section>\n\t\t\t\t<section class=\"elementor-section elementor-top-section elementor-element elementor-element-027a042 elementor-section-boxed elementor-section-height-default elementor-section-height-default wpr-particle-no wpr-jarallax-no wpr-parallax-no wpr-sticky-section-no wpr-equal-height-no\" data-id=\"027a042\" data-element_type=\"section\">\n\t\t\t\t\t\t<div class=\"elementor-container elementor-column-gap-default\">\n\t\t\t\t\t<div class=\"elementor-column elementor-col-100 elementor-top-column elementor-element elementor-element-d527687\" data-id=\"d527687\" data-element_type=\"column\">\n\t\t\t<div class=\"elementor-widget-wrap elementor-element-populated\">\n\t\t\t\t\t\t<div class=\"elementor-element elementor-element-3d01839 elementor-widget elementor-widget-heading\" data-id=\"3d01839\" data-element_type=\"widget\" data-widget_type=\"heading.default\">\n\t\t\t\t<div class=\"elementor-widget-container\">\n\t\t\t\t\t<h2 class=\"elementor-heading-title elementor-size-default\">Ajoutez votre titre ici<\/h2>\t\t\t\t<\/div>\n\t\t\t\t<\/div>\n\t\t\t\t\t<\/div>\n\t\t<\/div>\n\t\t\t\t\t<\/div>\n\t\t<\/section>\n\t\t\t\t<\/div>\n\t\t","protected":false},"excerpt":{"rendered":"<p>Documents de rentr\u00e9e Voici les\u00a0 documents pour la rentr\u00e9e de septembre 2025.\u00a0\u00a0Circulaire de rentr\u00e9e 2025 Fiche de renseignements 2025-2026Coupon r\u00e9ponse OGECmandat SEPAR\u00e8glement financier OGECCourrier APELBulletin adh\u00e9sion APEL Inscription matin\u00e9es travaux Mutuelle St Christophe Organisation p\u00e9dagogique 2025-2026Calendrier des vacances scolaires 2025-2026 r\u00e8glement int\u00e9rieur de l&rsquo;\u00e9cole Quelques autres documents : Les listes de classes\u00a0 2025-2026 Liste de classe PSListe de classe MSListe de classe GSListe de classe CP CE1Liste de classe CE1 CE2Liste de classe CE2 CM1Liste de classe CM1 CM2 Les listes de fournitures pour la rentr\u00e9e de septembre 2025 Fourniture PSFournitures MSFournitures GSFournitures CPFournitures Ce1 FloraFournitures Ce1 Ce2 MaudFournitures ce2 cm1Fournitures cm1 cm2 Matin\u00e9es travaux, bient\u00f4t les dates pour l&rsquo;ann\u00e9e prochaine. PAI Fournir la trousse d&rsquo;urgence avec la copie de l&rsquo;ordonnance de moins de 3 mois \u00e0 la rentr\u00e9e et compl\u00e9ter avec votre m\u00e9decin le document uniquePAI document \u00e0 compl\u00e9terPAI asthme Communication avec les familles Il n\u2019y a pas de cahier de liaison papier.Nous utilisons le logiciel Educartable. Un courrier explicatif vous sera renvoy\u00e9 \u00e0 la rentr\u00e9e.En cas de probl\u00e8mes ou questions, l\u2019\u00e9quipe reste \u00e0 votre \u00e9coute. Sortie de l&rsquo;\u00e9coleA partir du CE1, les enfants peuvent \u00eatre autoris\u00e9s \u00e0 sortir seul pour rejoindre leur parents \u00e0 l&rsquo;ext\u00e9rieur de l&rsquo;\u00e9cole.\u00a0 Cela permet de diminuer le nombre de personnes pr\u00e9sentes au portail.\u00a0 Le port du gilet jaune est obligatoire.Si vous le souhaitez, pensez \u00e0\u00a0 cocher \u00ab\u00a0autoris\u00e9 \u00e0 sortir seul\u00a0\u00bb dans la fiche de renseignements. Si cela se fait en cours d&rsquo;ann\u00e9e, il faudra pr\u00e9venir son enseignante via Educartable \u00a0Bel \u00e9t\u00e9 \u00e0 tous et rendez-vous \u00e0 la rentr\u00e9e \u00a0 \u00a0 \u00a0 \u00a0 \u00a0 \u00a0 \u00a0 \u00a0 \u00a0 \u00a0 \u00a0 Ajoutez votre titre ici<\/p>\n","protected":false},"author":10,"featured_media":0,"parent":0,"menu_order":0,"comment_status":"closed","ping_status":"closed","template":"","meta":{"ngg_post_thumbnail":0,"footnotes":""},"_links":{"self":[{"href":"https:\/\/stjoseph-lamadeleine-guerande.fr\/index.php?rest_route=\/wp\/v2\/pages\/1930"}],"collection":[{"href":"https:\/\/stjoseph-lamadeleine-guerande.fr\/index.php?rest_route=\/wp\/v2\/pages"}],"about":[{"href":"https:\/\/stjoseph-lamadeleine-guerande.fr\/index.php?rest_route=\/wp\/v2\/types\/page"}],"author":[{"embeddable":true,"href":"https:\/\/stjoseph-lamadeleine-guerande.fr\/index.php?rest_route=\/wp\/v2\/users\/10"}],"replies":[{"embeddable":true,"href":"https:\/\/stjoseph-lamadeleine-guerande.fr\/index.php?rest_route=%2Fwp%2Fv2%2Fcomments&post=1930"}],"version-history":[{"count":162,"href":"https:\/\/stjoseph-lamadeleine-guerande.fr\/index.php?rest_route=\/wp\/v2\/pages\/1930\/revisions"}],"predecessor-version":[{"id":32527,"href":"https:\/\/stjoseph-lamadeleine-guerande.fr\/index.php?rest_route=\/wp\/v2\/pages\/1930\/revisions\/32527"}],"wp:attachment":[{"href":"https:\/\/stjoseph-lamadeleine-guerande.fr\/index.php?rest_route=%2Fwp%2Fv2%2Fmedia&parent=1930"}],"curies":[{"name":"wp","href":"https:\/\/api.w.org\/{rel}","templated":true}]}}